{"id":2598,"date":"2020-09-22T11:31:39","date_gmt":"2020-09-22T11:31:39","guid":{"rendered":"https:\/\/www.vlaschaerd.be\/privacy-policy\/"},"modified":"2021-02-25T08:32:03","modified_gmt":"2021-02-25T08:32:03","slug":"privacy-policy","status":"publish","type":"page","link":"https:\/\/www.vlaschaerd.be\/fr\/privacy-policy\/","title":{"rendered":"Privacybeleid"},"content":{"rendered":"<div class=\"fusion-fullwidth fullwidth-box fusion-builder-row-1 fusion-flex-container nonhundred-percent-fullwidth non-hundred-percent-height-scrolling\" style=\"background-color: rgba(255,255,255,0);background-position: center center;background-repeat: no-repeat;border-width: 0px 0px 0px 0px;border-color:#eae9e9;border-style:solid;\" ><div class=\"fusion-builder-row fusion-row fusion-flex-align-items-flex-start\" style=\"max-width:1320.8px;margin-left: calc(-4% \/ 2 );margin-right: calc(-4% \/ 2 );\"><div class=\"fusion-layout-column fusion_builder_column fusion-builder-column-0 fusion_builder_column_1_1 1_1 fusion-flex-column\"><div class=\"fusion-column-wrapper fusion-flex-justify-content-flex-start fusion-content-layout-column\" style=\"background-position:left top;background-repeat:no-repeat;-webkit-background-size:cover;-moz-background-size:cover;-o-background-size:cover;background-size:cover;padding: 0px 0px 0px 0px;\"><div class=\"fusion-text fusion-text-1\"><h2><strong>CONDITIONS GENERALES D&#8217;UTILISATION ET VIE PRIVEE B&amp;B De Vlaschaerd<\/strong><\/h2>\n<p>En visitant le site vlaschaerd.be, vous \u00eates r\u00e9put\u00e9s avoir lu les conditions d&#8217;utilisation de ce site.<\/p>\n<h4><strong>Contenu et<\/strong> disponibilit\u00e9<\/h4>\n<p>Le site web vlaschaerd.be a pour but de vous informer en tant que visiteur. B&amp;B De Vlaschaerd s&#8217;efforce de mettre \u00e0 jour et\/ou de compl\u00e9ter le contenu du site web aussi souvent que possible. Malgr\u00e9 ce soin et cette attention, il est possible que le contenu soit incomplet et\/ou incorrect.<\/p>\n<p>Le B&amp;B De Vlaschaerd s&#8217;efforce \u00e9galement d&#8217;\u00e9viter, autant que possible, les interruptions dues \u00e0 des erreurs techniques. Toutefois, B&amp;B De Vlaschaerd ne peut pas garantir que le site web sera totalement exempt d&#8217;interruption ou qu&#8217;il ne sera pas affect\u00e9 par d&#8217;autres probl\u00e8mes techniques.<\/p>\n<h4>Responsabilit\u00e9<\/h4>\n<p>Les informations et le mat\u00e9riel propos\u00e9s sur le site web sont offerts sans aucune forme de garantie ou de revendication d&#8217;exactitude. Ces informations et mat\u00e9riels peuvent \u00eatre modifi\u00e9s \u00e0 tout moment sans pr\u00e9avis. En outre, les informations figurant sur le site web sont de nature g\u00e9n\u00e9rale et ne peuvent \u00eatre consid\u00e9r\u00e9es comme des conseils personnels, professionnels ou juridiques au visiteur.<\/p>\n<p>En ce qui concerne plus particuli\u00e8rement les prix et autres informations sur les produits figurant sur le site web, une r\u00e9serve est faite pour les erreurs \u00e9videntes de programmation et de frappe. Vous ne pouvez pr\u00e9tendre \u00e0 aucun accord avec B&amp;B De Vlaschaerd sur la base de telles erreurs. Le B&amp;B De Vlaschaerd n&#8217;accepte aucune responsabilit\u00e9 pour les hyperliens vers des sites Web ou des services de tiers inclus dans le site Web.<\/p>\n<h4>Droits d&#8217;auteur<\/h4>\n<p>Tous les droits de propri\u00e9t\u00e9 intellectuelle sur ces informations et mat\u00e9riels sont d\u00e9tenus par B&amp;B De Vlaschaerd.<\/p>\n<p>La copie, la distribution et toute autre utilisation de ces informations et de ce mat\u00e9riel ne sont pas autoris\u00e9es sans l&#8217;accord \u00e9crit de B&amp;B De Vlaschaerd, sauf dans la mesure o\u00f9 des r\u00e8gles obligatoires (telles que le droit de citer) en disposent autrement, sauf indication contraire pour des mat\u00e9riels sp\u00e9cifiques.<\/p>\n<h4>Vie priv\u00e9e<\/h4>\n<p>B&amp;B De Vlaschaerd attache une grande importance \u00e0 la protection de votre vie priv\u00e9e. Nous adh\u00e9rons donc \u00e0 la loi sur la protection de la vie priv\u00e9e. Cela signifie que vos donn\u00e9es sont en s\u00e9curit\u00e9 chez nous et que nous les utilisons toujours correctement. Cette d\u00e9claration de confidentialit\u00e9 explique ce que nous faisons sur le site web vlaschaerd.be toutes les informations que nous apprenons sur vous.<\/p>\n<p>Si vous avez des questions, ou si vous voulez savoir exactement ce que nous gardons de vous, veuillez nous contacter via info@vlaschaerd.be.<\/p>\n<h4>Mise \u00e0 disposition d&#8217;autres entreprises ou institutions<\/h4>\n<p>Nous ne donnons en aucun cas vos informations personnelles \u00e0 d&#8217;autres entreprises ou institutions, sauf si cela est n\u00e9cessaire pour notre site web ou si nous y sommes l\u00e9galement oblig\u00e9s (par exemple si la police l&#8217;exige lors d&#8217;un d\u00e9lit pr\u00e9sum\u00e9).<\/p>\n<h4>Cookies<\/h4>\n<p>Notre site web utilise des cookies. Les cookies sont de petits fichiers dans lesquels nous pouvons stocker des informations afin que vous n&#8217;ayez pas \u00e0 les remplir \u00e0 chaque fois. Mais ils nous permettent aussi de voir que vous nous rendez \u00e0 nouveau visite.<\/p>\n<p>Vous pouvez d\u00e9sactiver les cookies dans votre navigateur, mais certaines parties de notre site web ne fonctionneront alors plus correctement.<\/p>\n<p>Nous utilisons Google Analytics pour suivre la fa\u00e7on dont les visiteurs utilisent notre site web. Nous avons conclu un accord de traitement avec Google. Il contient des accords stricts sur ce qu&#8217;ils sont autoris\u00e9s \u00e0 suivre. Nous n&#8217;avons pas autoris\u00e9 Google \u00e0 utiliser les informations d&#8217;Analytics pour d&#8217;autres services Google. Nous avons laiss\u00e9 Google anonymiser les adresses IP.<\/p>\n<h4>S\u00e9curit\u00e9<\/h4>\n<p>La s\u00e9curit\u00e9 des donn\u00e9es personnelles est tr\u00e8s importante pour nous. Nous veillons \u00e0 ce que vos donn\u00e9es soient correctement s\u00e9curis\u00e9es. Nous ajustons constamment la s\u00e9curit\u00e9 et faisons attention \u00e0 ce qui peut mal tourner.<\/p>\n<h4>Acc\u00e8s, modification et suppression de vos donn\u00e9es<\/h4>\n<p>Si vous avez des questions ou si vous voulez savoir quelles donn\u00e9es personnelles nous avons sur vous, vous pouvez toujours nous contacter. Voir les coordonn\u00e9es ci-dessous.<\/p>\n<p>Vous avez les droits suivants :<\/p>\n<p>&#8211; Recevoir une explication sur les donn\u00e9es \u00e0 caract\u00e8re personnel dont nous disposons et sur ce que nous en faisons<\/p>\n<p>&#8211; Conna\u00eetre les donn\u00e9es personnelles exactes que nous d\u00e9tenons<\/p>\n<p>-Nous demander de corriger les erreurs \u00e9ventuelles<\/p>\n<p>-Nous demander le retrait d\u2019informations personnelles p\u00e9rim\u00e9es<\/p>\n<p>&#8211; Vous pouvez toujours retirer votre consentement<\/p>\n<p>&#8211; Vous pouvez toujours vous opposez \u00e0 une certaine utilisation<\/p>\n<p>Veuillez noter que vous devez toujours donner votre identit\u00e9, afin que nous puissions \u00eatre s\u00fbrs de ne pas modifier ou supprimer les donn\u00e9es relatives \u00e0 une autre personne<\/p>\n<h4>D\u00e9poser une plainte<\/h4>\n<p>Si vous avez l&#8217;impression qu\u2019un des droits ci-dessus a \u00e9t\u00e9 viol\u00e9, vous avez le droit de d\u00e9poser une plainte aupr\u00e8s de la Commission de la protection de la vie priv\u00e9e.<\/p>\n<\/div><\/div><style type=\"text\/css\">.fusion-body .fusion-builder-column-0{width:100% !important;margin-top : 0px;margin-bottom : 0px;}.fusion-builder-column-0 > .fusion-column-wrapper {padding-top : 0px !important;padding-right : 0px !important;margin-right : 1.92%;padding-bottom : 0px !important;padding-left : 0px !important;margin-left : 1.92%;}@media only screen and (max-width:1024px) {.fusion-body .fusion-builder-column-0{width:100% !important;}.fusion-builder-column-0 > .fusion-column-wrapper {margin-right : 1.92%;margin-left : 1.92%;}}@media only screen and (max-width:640px) {.fusion-body .fusion-builder-column-0{width:100% !important;}.fusion-builder-column-0 > .fusion-column-wrapper {margin-right : 1.92%;margin-left : 1.92%;}}<\/style><\/div><\/div><style type=\"text\/css\">.fusion-body .fusion-flex-container.fusion-builder-row-1{ padding-top : 20px;margin-top : 0px;padding-right : 0px;padding-bottom : 20px;margin-bottom : 0px;padding-left : 0px;}<\/style><\/div>\n","protected":false},"excerpt":{"rendered":"","protected":false},"author":1,"featured_media":0,"parent":0,"menu_order":0,"comment_status":"closed","ping_status":"closed","template":"","meta":[],"_links":{"self":[{"href":"https:\/\/www.vlaschaerd.be\/fr\/wp-json\/wp\/v2\/pages\/2598"}],"collection":[{"href":"https:\/\/www.vlaschaerd.be\/fr\/wp-json\/wp\/v2\/pages"}],"about":[{"href":"https:\/\/www.vlaschaerd.be\/fr\/wp-json\/wp\/v2\/types\/page"}],"author":[{"embeddable":true,"href":"https:\/\/www.vlaschaerd.be\/fr\/wp-json\/wp\/v2\/users\/1"}],"replies":[{"embeddable":true,"href":"https:\/\/www.vlaschaerd.be\/fr\/wp-json\/wp\/v2\/comments?post=2598"}],"version-history":[{"count":3,"href":"https:\/\/www.vlaschaerd.be\/fr\/wp-json\/wp\/v2\/pages\/2598\/revisions"}],"predecessor-version":[{"id":2826,"href":"https:\/\/www.vlaschaerd.be\/fr\/wp-json\/wp\/v2\/pages\/2598\/revisions\/2826"}],"wp:attachment":[{"href":"https:\/\/www.vlaschaerd.be\/fr\/wp-json\/wp\/v2\/media?parent=2598"}],"curies":[{"name":"wp","href":"https:\/\/api.w.org\/{rel}","templated":true}]}}